{"id":10,"date":"2013-04-18T14:17:13","date_gmt":"2013-04-18T14:17:13","guid":{"rendered":"http:\/\/jetzt-oder-nie.co\/?page_id=10"},"modified":"2013-04-28T17:11:39","modified_gmt":"2013-04-28T15:11:39","slug":"anfahrtsbeschreibungen","status":"publish","type":"page","link":"http:\/\/jetzt-oder-nie.co\/?page_id=10","title":{"rendered":"Veranstaltungsorte"},"content":{"rendered":"<p>W\u00e4hlt bitte \u00fcber die Navigationsleiste den entsprechenden Veranstaltungsort aus, zu dem Ihr weitere Informationen erhalten m\u00f6chtet.<\/p>\n","protected":false},"excerpt":{"rendered":"<p>W\u00e4hlt bitte \u00fcber die Navigationsleiste den entsprechenden Veranstaltungsort aus, zu dem Ihr weitere Informationen erhalten m\u00f6chtet.<\/p>\n","protected":false},"author":1,"featured_media":0,"parent":0,"menu_order":1,"comment_status":"closed","ping_status":"closed","template":"","meta":{"ngg_post_thumbnail":0},"_links":{"self":[{"href":"http:\/\/jetzt-oder-nie.co\/index.php?rest_route=\/wp\/v2\/pages\/10"}],"collection":[{"href":"http:\/\/jetzt-oder-nie.co\/index.php?rest_route=\/wp\/v2\/pages"}],"about":[{"href":"http:\/\/jetzt-oder-nie.co\/index.php?rest_route=\/wp\/v2\/types\/page"}],"author":[{"embeddable":true,"href":"http:\/\/jetzt-oder-nie.co\/index.php?rest_route=\/wp\/v2\/users\/1"}],"replies":[{"embeddable":true,"href":"http:\/\/jetzt-oder-nie.co\/index.php?rest_route=%2Fwp%2Fv2%2Fcomments&post=10"}],"version-history":[{"count":9,"href":"http:\/\/jetzt-oder-nie.co\/index.php?rest_route=\/wp\/v2\/pages\/10\/revisions"}],"predecessor-version":[{"id":288,"href":"http:\/\/jetzt-oder-nie.co\/index.php?rest_route=\/wp\/v2\/pages\/10\/revisions\/288"}],"wp:attachment":[{"href":"http:\/\/jetzt-oder-nie.co\/index.php?rest_route=%2Fwp%2Fv2%2Fmedia&parent=10"}],"curies":[{"name":"wp","href":"https:\/\/api.w.org\/{rel}","templated":true}]}}