{"id":15,"date":"2013-04-18T14:18:08","date_gmt":"2013-04-18T14:18:08","guid":{"rendered":"http:\/\/jetzt-oder-nie.co\/?page_id=15"},"modified":"2013-04-28T14:28:46","modified_gmt":"2013-04-28T12:28:46","slug":"party","status":"publish","type":"page","link":"http:\/\/jetzt-oder-nie.co\/?page_id=15","title":{"rendered":"Party"},"content":{"rendered":"<p>Die Party wird der entspannte Teil des Tages. Wir feiern drinnen und draussen mit Freunden, Verwandten und Kollegen, also mit Euch, in lockerer Atmosph\u00e4re ab 19 Uhr im &#8222;Gartenhaus \/ Sommergarten&#8220; des <a href=\"http:\/\/maps.google.de\/maps?q=Mauersegler+Bar,+Bernauer+Stra%C3%9Fe,+Berlin&amp;hl=de&amp;ie=UTF8&amp;sll=52.506844,13.424732&amp;sspn=0.701294,2.113495&amp;oq=mauerse&amp;hq=Mauersegler+Bar,&amp;hnear=Bernauer+Stra%C3%9Fe,+Berlin&amp;t=m&amp;z=16\" target=\"_blank\">Mauerseglers <\/a>am Mauerpark (Prenzlauer Berg).<\/p>\n<p>Bitte vermeidet es eigene Getr\u00e4nke oder \u00e4hnliches mitzubringen, f\u00fcr das leibliche Wohl haben wir bereits vorgesorgt. Bier, Wein, Sekt und nichtalkoholische Getr\u00e4nke sowie Grillfleisch, Fingerfood und Salate stehen f\u00fcr Euch bereit. Auch die Vegetarier \/ Veganer werden selbstverst\u00e4ndlich bedacht. Wer jedoch Cocktails, Longdrinks oder \u00e4hnliches zu sich nehmen m\u00f6chte, sollte Bargeld zur Verf\u00fcgung haben.<\/p>\n<p>Einen &#8222;Dresscode&#8220; gibt es nicht, kommt einfach wie Ihr m\u00f6chtet, Hauptsache Ihr f\u00fchlt Euch wohl. Sollte das Wetter an diesem Abend nicht mitspielen, gibt es im Aussengel\u00e4nde \u00fcberdachte Bereiche sowiel einen gr\u00f6\u00dferen Innenraum.<\/p>\n<p>Die Location hat mehrere Eing\u00e4nge und Veranstaltungsorte, um sicherzustellen das Ihr stressfrei und ohne gro\u00dfe Suche zu uns findet, nutzt bitte diesen <a href=\"https:\/\/maps.google.de\/maps\/ms?msid=204484250168431175430.0004dab8b19bc9172b701&amp;msa=0\" target=\"_blank\">Zugangshinweis<\/a>. Klickt auf die einzelnen Markierungen auf der Karte um weitere Informationen zu erhalten.<\/p>\n<p>Fast wie \u00fcberall im Prenzlauer Berg, gibt es auch hier eine Parkraumbewirtschaftung. Wenige Meter weiter in Richtung Bernauer Stra\u00dfe beginnt jedoch der Wedding, wo derzeit das Auto noch kostenfrei abgestellt werden kann. Alle ohne Auto sollten das Taxi oder den <a title=\"Alles weitere\" href=\"http:\/\/jetzt-oder-nie.co\/?page_id=149\" target=\"_blank\">\u00f6ffentlichen Nahverkehr<\/a> nutzen. In der <a href=\"https:\/\/maps.google.de\/maps\/ms?msid=204484250168431175430.0004daa8f682e3e2ae659&amp;msa=0&amp;ll=52.540763,13.420229&amp;spn=0.021899,0.066047\" target=\"_blank\">N\u00e4he<\/a> des Mauerseglers befinden sich folgende Haltestellen:<\/p>\n<p>&#8222;Friedrich-Ludwig-Jahn-Sportpark&#8220; &#8211; Tram Linie &#8222;<em>M10<\/em>&#8220; &#8211; Fussweg ca. 3 Minuten.<br \/>\n&#8222;Sch\u00f6nhauser Allee&#8220; &#8211; U-Bahn Linie &#8222;<em>U2&#8243; &#8211; <\/em>Fussweg ca. 10 &#8211; 15 Minuten<em>.<br \/>\n<\/em>&#8222;Bernauer Stra\u00dfe&#8220; &#8211; U-Bahn Linie &#8222;<em>U8<\/em>&#8220; &#8211; Fussweg ca. 10 &#8211; 15 Minuten.<em><br \/>\n<\/em><\/p>\n<p>Zur besseren \u00dcbersicht hier ein<a href=\"https:\/\/maps.google.de\/maps\/ms?msid=204484250168431175430.0004daa8f682e3e2ae659&amp;msa=0&amp;ll=52.541924,13.403771&amp;spn=0.010949,0.033023\" target=\"_blank\"> Lageplan inkl. Wegbeschreibung<\/a> des Mauerseglers und der jeweiligen Haltestellen. Klickt auf die einzelnen Markierungen auf der Karte um weitere Informationen zu erhalten.<\/p>\n<p>&nbsp;<\/p>\n\t\r\n\t\t\r\n\t<div id=\"meteor-slideshow\" class=\"meteor-slides  navprevnext\">\r\n\t\r\n\t\t\t\r\n\t\t\t\r\n\t\t\t<ul class=\"meteor-nav\">\r\n\t\t\r\n\t\t\t\t<li id=\"meteor-prev\" class=\"prev\"><a href=\"#prev\">Previous<\/a><\/li>\r\n\t\t\t\r\n\t\t\t\t<li id=\"meteor-next\" class=\"next\"><a href=\"#next\">Next<\/a><\/li>\r\n\t\t\t\r\n\t\t\t<\/ul><!-- .meteor-nav -->\r\n\t\t\r\n\t\t\t\t\r\n\t\t\t\r\n\t\t<div class=\"meteor-clip\">\r\n\t\r\n\t\t\t\t\r\n\t\t\t<img style=\"visibility: hidden;\" class=\"meteor-shim\" src=\"http:\/\/jetzt-oder-nie.co\/wp-content\/uploads\/2013\/04\/sommergarten-03.jpg\" alt=\"\" \/>\r\n\t\t\t<div class=\"mslide mslide-1\">\r\n\t\t\t\t\r\n\t\t\t\t\t\t\t\t\t\r\n\t\t\t\t\t<img width=\"600\" height=\"400\" src=\"http:\/\/jetzt-oder-nie.co\/wp-content\/uploads\/2013\/04\/sommergarten-03.jpg\" class=\"attachment-featured-slide size-featured-slide wp-post-image\" alt=\"\" decoding=\"async\" loading=\"lazy\" title=\"Ansicht Sommergarten-4\" srcset=\"http:\/\/jetzt-oder-nie.co\/wp-content\/uploads\/2013\/04\/sommergarten-03.jpg 900w, http:\/\/jetzt-oder-nie.co\/wp-content\/uploads\/2013\/04\/sommergarten-03-300x200.jpg 300w, http:\/\/jetzt-oder-nie.co\/wp-content\/uploads\/2013\/04\/sommergarten-03-150x100.jpg 150w\" sizes=\"(max-width: 600px) 100vw, 600px\" \/>\t\t\t\t\t\r\n\t\t\t\t\t\t\t\r\n\t\t\t<\/div><!-- .mslide -->\r\n\t\t\t\r\n\t\t\t\t\t\t\r\n\t\t\t\t\r\n\t\t\t\r\n\t\t\t<div class=\"mslide mslide-2\">\r\n\t\t\t\t\r\n\t\t\t\t\t\t\t\t\t\r\n\t\t\t\t\t<img width=\"600\" height=\"400\" src=\"http:\/\/jetzt-oder-nie.co\/wp-content\/uploads\/2013\/04\/sommergarten-05.jpg\" class=\"attachment-featured-slide size-featured-slide wp-post-image\" alt=\"\" decoding=\"async\" loading=\"lazy\" title=\"Ansicht Sommergarten-3\" srcset=\"http:\/\/jetzt-oder-nie.co\/wp-content\/uploads\/2013\/04\/sommergarten-05.jpg 900w, http:\/\/jetzt-oder-nie.co\/wp-content\/uploads\/2013\/04\/sommergarten-05-300x200.jpg 300w, http:\/\/jetzt-oder-nie.co\/wp-content\/uploads\/2013\/04\/sommergarten-05-150x100.jpg 150w\" sizes=\"(max-width: 600px) 100vw, 600px\" \/>\t\t\t\t\t\r\n\t\t\t\t\t\t\t\r\n\t\t\t<\/div><!-- .mslide -->\r\n\t\t\t\r\n\t\t\t\t\t\t\r\n\t\t\t\t\r\n\t\t\t\r\n\t\t\t<div class=\"mslide mslide-3\">\r\n\t\t\t\t\r\n\t\t\t\t\t\t\t\t\t\r\n\t\t\t\t\t<img width=\"600\" height=\"400\" src=\"http:\/\/jetzt-oder-nie.co\/wp-content\/uploads\/2013\/04\/sommergarten-06.jpg\" class=\"attachment-featured-slide size-featured-slide wp-post-image\" alt=\"\" decoding=\"async\" loading=\"lazy\" title=\"Ansicht Sommergarten-2\" srcset=\"http:\/\/jetzt-oder-nie.co\/wp-content\/uploads\/2013\/04\/sommergarten-06.jpg 900w, http:\/\/jetzt-oder-nie.co\/wp-content\/uploads\/2013\/04\/sommergarten-06-300x200.jpg 300w, http:\/\/jetzt-oder-nie.co\/wp-content\/uploads\/2013\/04\/sommergarten-06-150x100.jpg 150w\" sizes=\"(max-width: 600px) 100vw, 600px\" \/>\t\t\t\t\t\r\n\t\t\t\t\t\t\t\r\n\t\t\t<\/div><!-- .mslide -->\r\n\t\t\t\r\n\t\t\t\t\t\t\r\n\t\t\t\t\r\n\t\t\t\r\n\t\t\t<div class=\"mslide mslide-4\">\r\n\t\t\t\t\r\n\t\t\t\t\t\t\t\t\t\r\n\t\t\t\t\t<img width=\"600\" height=\"400\" src=\"http:\/\/jetzt-oder-nie.co\/wp-content\/uploads\/2013\/04\/sommergarten-07.jpg\" class=\"attachment-featured-slide size-featured-slide wp-post-image\" alt=\"\" decoding=\"async\" loading=\"lazy\" title=\"Ansicht Sommergarten-1\" srcset=\"http:\/\/jetzt-oder-nie.co\/wp-content\/uploads\/2013\/04\/sommergarten-07.jpg 900w, http:\/\/jetzt-oder-nie.co\/wp-content\/uploads\/2013\/04\/sommergarten-07-300x200.jpg 300w, http:\/\/jetzt-oder-nie.co\/wp-content\/uploads\/2013\/04\/sommergarten-07-150x100.jpg 150w\" sizes=\"(max-width: 600px) 100vw, 600px\" \/>\t\t\t\t\t\r\n\t\t\t\t\t\t\t\r\n\t\t\t<\/div><!-- .mslide -->\r\n\t\t\t\r\n\t\t\t\t\t\t\r\n\t\t\t\t\r\n\t\t<\/div><!-- .meteor-clip -->\r\n\t\t\t\t\r\n\t\t\t\t\t\r\n\t<\/div><!-- .meteor-slides -->\r\n\t\r\n\t\n","protected":false},"excerpt":{"rendered":"<p>Die Party wird der entspannte Teil des Tages. Wir feiern drinnen und draussen mit Freunden, Verwandten und Kollegen, also mit Euch, in lockerer Atmosph\u00e4re ab 19 Uhr im &#8222;Gartenhaus \/ Sommergarten&#8220; des Mauerseglers am Mauerpark (Prenzlauer Berg). Bitte vermeidet es eigene Getr\u00e4nke oder \u00e4hnliches mitzubringen, f\u00fcr das leibliche Wohl haben&nbsp; <a href=\"http:\/\/jetzt-oder-nie.co\/?page_id=15\" title=\"Read more Party\">Read more &raquo;<\/a><\/p>\n","protected":false},"author":1,"featured_media":0,"parent":10,"menu_order":2,"comment_status":"closed","ping_status":"closed","template":"","meta":{"ngg_post_thumbnail":0},"_links":{"self":[{"href":"http:\/\/jetzt-oder-nie.co\/index.php?rest_route=\/wp\/v2\/pages\/15"}],"collection":[{"href":"http:\/\/jetzt-oder-nie.co\/index.php?rest_route=\/wp\/v2\/pages"}],"about":[{"href":"http:\/\/jetzt-oder-nie.co\/index.php?rest_route=\/wp\/v2\/types\/page"}],"author":[{"embeddable":true,"href":"http:\/\/jetzt-oder-nie.co\/index.php?rest_route=\/wp\/v2\/users\/1"}],"replies":[{"embeddable":true,"href":"http:\/\/jetzt-oder-nie.co\/index.php?rest_route=%2Fwp%2Fv2%2Fcomments&post=15"}],"version-history":[{"count":45,"href":"http:\/\/jetzt-oder-nie.co\/index.php?rest_route=\/wp\/v2\/pages\/15\/revisions"}],"predecessor-version":[{"id":104,"href":"http:\/\/jetzt-oder-nie.co\/index.php?rest_route=\/wp\/v2\/pages\/15\/revisions\/104"}],"up":[{"embeddable":true,"href":"http:\/\/jetzt-oder-nie.co\/index.php?rest_route=\/wp\/v2\/pages\/10"}],"wp:attachment":[{"href":"http:\/\/jetzt-oder-nie.co\/index.php?rest_route=%2Fwp%2Fv2%2Fmedia&parent=15"}],"curies":[{"name":"wp","href":"https:\/\/api.w.org\/{rel}","templated":true}]}}