{"id":2,"date":"2013-04-20T11:59:57","date_gmt":"2013-04-20T09:59:57","guid":{"rendered":"http:\/\/jetzt-oder-nie.co\/?page_id=2"},"modified":"2019-12-19T14:07:21","modified_gmt":"2019-12-19T13:07:21","slug":"beispiel-seite","status":"publish","type":"page","link":"http:\/\/jetzt-oder-nie.co\/","title":{"rendered":"Herzlich Willkommen!"},"content":{"rendered":"<p>Auf dieser Seite findet Ihr alle Informationen zu unserem gro\u00dfen Ereignis am 19.07.2013. Ein Formular f\u00fcr Zu- bzw. Absagen, Anfahrtsbeschreibungen, \u00dcbernachtungsvorschl\u00e4ge usw.<br \/>\nAll dies wird Euch nach der Anmeldung in den jeweiligen Kategorien (Navigationsleiste ganz oben) eingeblendet. Die Anmeldedaten entnehmt bitte der R\u00fcckseite Eurer Einladungskarte.<\/p>\n<p>Bitte sagt uns bis sp\u00e4testens <strong>01.06.2013<\/strong> \u00fcber das jeweilige Formular (Navigationsleiste) Bescheid ob und mit wieviel Personen Ihr teilnehmen werdet.<\/p>\n<p>Wir freuen uns auf Euch!<\/p>\n<p>Rebecca &amp; Christoph<\/p>\n<p>&nbsp;<\/p>\n","protected":false},"excerpt":{"rendered":"<p>Auf dieser Seite findet Ihr alle Informationen zu unserem gro\u00dfen Ereignis am 19.07.2013. Ein Formular f\u00fcr Zu- bzw. Absagen, Anfahrtsbeschreibungen, \u00dcbernachtungsvorschl\u00e4ge usw. All dies wird Euch nach der Anmeldung in den jeweiligen Kategorien (Navigationsleiste ganz oben) eingeblendet. Die Anmeldedaten entnehmt bitte der R\u00fcckseite Eurer Einladungskarte. Bitte sagt uns bis sp\u00e4testens&nbsp; <a href=\"http:\/\/jetzt-oder-nie.co\/\" title=\"Read more Herzlich Willkommen!\">Read more &raquo;<\/a><\/p>\n","protected":false},"author":1,"featured_media":0,"parent":0,"menu_order":0,"comment_status":"closed","ping_status":"open","template":"","meta":{"ngg_post_thumbnail":0},"_links":{"self":[{"href":"http:\/\/jetzt-oder-nie.co\/index.php?rest_route=\/wp\/v2\/pages\/2"}],"collection":[{"href":"http:\/\/jetzt-oder-nie.co\/index.php?rest_route=\/wp\/v2\/pages"}],"about":[{"href":"http:\/\/jetzt-oder-nie.co\/index.php?rest_route=\/wp\/v2\/types\/page"}],"author":[{"embeddable":true,"href":"http:\/\/jetzt-oder-nie.co\/index.php?rest_route=\/wp\/v2\/users\/1"}],"replies":[{"embeddable":true,"href":"http:\/\/jetzt-oder-nie.co\/index.php?rest_route=%2Fwp%2Fv2%2Fcomments&post=2"}],"version-history":[{"count":25,"href":"http:\/\/jetzt-oder-nie.co\/index.php?rest_route=\/wp\/v2\/pages\/2\/revisions"}],"predecessor-version":[{"id":286,"href":"http:\/\/jetzt-oder-nie.co\/index.php?rest_route=\/wp\/v2\/pages\/2\/revisions\/286"}],"wp:attachment":[{"href":"http:\/\/jetzt-oder-nie.co\/index.php?rest_route=%2Fwp%2Fv2%2Fmedia&parent=2"}],"curies":[{"name":"wp","href":"https:\/\/api.w.org\/{rel}","templated":true}]}}