{"id":63,"date":"2013-04-18T19:07:52","date_gmt":"2013-04-18T17:07:52","guid":{"rendered":"http:\/\/jetzt-oder-nie.co\/?page_id=63"},"modified":"2013-04-28T17:18:45","modified_gmt":"2013-04-28T15:18:45","slug":"ubernachtungsmoglichkeiten","status":"publish","type":"page","link":"http:\/\/jetzt-oder-nie.co\/?page_id=63","title":{"rendered":"Hotelvorschl\u00e4ge"},"content":{"rendered":"<p>Folgende Hotels befinden sich im Prenzlauer Berg und damit in relativer N\u00e4he zu allen \u00d6rtlichkeiten. Solltet Ihr dennoch Schwierigkeiten haben, eine passende \u00dcbernachtungsm\u00f6glichkeit zu finden, setzt Euch bitte <a title=\"Allgemeine Anfrage\" href=\"http:\/\/jetzt-oder-nie.co\/?page_id=184\">direkt<\/a> mit uns in Verbindung damit wir Euch behilflich sein k\u00f6nnen.<\/p>\n<p><a href=\"http:\/\/www.ihg.com\/holidayinn\/hotels\/de\/de\/berlin\/berpa\/hoteldetail?cm_mmc=GoogleMaps-_-hi-_-DEEN-_-berpa\" target=\"_blank\">&#8222;Holiday Inn City Center East&#8220;<\/a><a href=\"http:\/\/maps.google.de\/local_url?dq=hotel+prenzlauer+berg&amp;q=http:\/\/www.ihg.com\/holidayinn\/hotels\/us\/en\/berlin\/berpa\/hoteldetail%3Fcm_mmc%3DGoogleMaps-_-hi-_-DEEN-_-berpa&amp;oi=miw&amp;sa=X&amp;ct=miw_link&amp;cd=1&amp;cad=homepage,cid:4606162316256507552&amp;ei=DjRwUcD8II_ltQbjg4D4Bg&amp;s=ANYYN7lVRmo_65HItXD_Vd8VK6rjXn9fkw\" target=\"_blank\"><br \/>\n<\/a>Prenzlauer Allee 169<br \/>\n030-446610<br \/>\nab 53\u20ac<\/p>\n<p><a href=\"http:\/\/maps.google.de\/local_url?dq=hotel+prenzlauer+berg&amp;q=http:\/\/www.meininger-hotels.com\/de\/hotels\/berlin\/prenzlauer-berg\/&amp;oi=miw&amp;sa=X&amp;ct=miw_link&amp;cd=1&amp;cad=homepage,cid:1977053741490551403&amp;ei=DjRwUcD8II_ltQbjg4D4Bg&amp;s=ANYYN7k51LrgKVfzu-MvuprzXPajFLvwug\" target=\"_blank\">&#8222;Meininger Hotel Prenzlauer Berg<\/a>&#8220;<br \/>\nSch\u00f6nhauser Allee 19<br \/>\n030-98321074<br \/>\nab 46\u20ac<\/p>\n<p><a href=\"http:\/\/bornholmer-hof.de\/\" target=\"_blank\">&#8222;Bornholmer Hof<\/a>&#8220;<br \/>\nBornholmer Str. 92<br \/>\n030-4440573<br \/>\nab 74\u20ac<\/p>\n<p><a href=\"http:\/\/www.hotel-zarenhof.de\/\" target=\"_blank\">&#8222;Zarenhof Berlin&#8220;<\/a><br \/>\nSch\u00f6nhauser Allee 140<br \/>\n030-8020880<br \/>\nab 69\u20ac<\/p>\n<p><a href=\"http:\/\/www.accorhotels.com\/de\/hotel-0357-ibis-berlin-mitte\/index.shtml\" target=\"_blank\">&#8222;Ibis Berlin Mitte&#8220;<\/a><br \/>\nPrenzlauer Allee 4<br \/>\n030-443330<br \/>\nab 85\u20ac<\/p>\n<p><a href=\"http:\/\/www.hotel4youth.de\/hotel\/\" target=\"_blank\">&#8222;Hotel4Youth am Mauerpark&#8220;<\/a><br \/>\nBernauer Str. 45<br \/>\n030-45198880<br \/>\nab 65\u20ac<\/p>\n<p><a href=\"http:\/\/maps.google.de\/local_url?dq=Park+Inn+Berlin-Alexanderplatz,+Alexanderplatz,+Berlin&amp;q=http:\/\/www.parkinn-berlin.de&amp;oi=miw&amp;sa=X&amp;ct=miw_link&amp;cd=1&amp;cad=homepage,cid:12495903461550622625&amp;ei=Q4JxUbbWJobOtAaqioHQBg&amp;s=ANYYN7lVu1tW4zk_tW5yCyV4HsBpqnz1_A\" target=\"_blank\">&#8222;Park Inn Alexanderplatz&#8220;<\/a><br \/>\nAlexanderplatz 7<br \/>\n030-23890<br \/>\nab 119\u20ac<\/p>\n","protected":false},"excerpt":{"rendered":"<p>Folgende Hotels befinden sich im Prenzlauer Berg und damit in relativer N\u00e4he zu allen \u00d6rtlichkeiten. Solltet Ihr dennoch Schwierigkeiten haben, eine passende \u00dcbernachtungsm\u00f6glichkeit zu finden, setzt Euch bitte direkt mit uns in Verbindung damit wir Euch behilflich sein k\u00f6nnen. &#8222;Holiday Inn City Center East&#8220; Prenzlauer Allee 169 030-446610 ab 53\u20ac&nbsp; <a href=\"http:\/\/jetzt-oder-nie.co\/?page_id=63\" title=\"Read more Hotelvorschl\u00e4ge\">Read more &raquo;<\/a><\/p>\n","protected":false},"author":1,"featured_media":0,"parent":17,"menu_order":1,"comment_status":"closed","ping_status":"closed","template":"","meta":{"ngg_post_thumbnail":0},"_links":{"self":[{"href":"http:\/\/jetzt-oder-nie.co\/index.php?rest_route=\/wp\/v2\/pages\/63"}],"collection":[{"href":"http:\/\/jetzt-oder-nie.co\/index.php?rest_route=\/wp\/v2\/pages"}],"about":[{"href":"http:\/\/jetzt-oder-nie.co\/index.php?rest_route=\/wp\/v2\/types\/page"}],"author":[{"embeddable":true,"href":"http:\/\/jetzt-oder-nie.co\/index.php?rest_route=\/wp\/v2\/users\/1"}],"replies":[{"embeddable":true,"href":"http:\/\/jetzt-oder-nie.co\/index.php?rest_route=%2Fwp%2Fv2%2Fcomments&post=63"}],"version-history":[{"count":28,"href":"http:\/\/jetzt-oder-nie.co\/index.php?rest_route=\/wp\/v2\/pages\/63\/revisions"}],"predecessor-version":[{"id":76,"href":"http:\/\/jetzt-oder-nie.co\/index.php?rest_route=\/wp\/v2\/pages\/63\/revisions\/76"}],"up":[{"embeddable":true,"href":"http:\/\/jetzt-oder-nie.co\/index.php?rest_route=\/wp\/v2\/pages\/17"}],"wp:attachment":[{"href":"http:\/\/jetzt-oder-nie.co\/index.php?rest_route=%2Fwp%2Fv2%2Fmedia&parent=63"}],"curies":[{"name":"wp","href":"https:\/\/api.w.org\/{rel}","templated":true}]}}