{"id":65,"date":"2013-04-18T19:08:10","date_gmt":"2013-04-18T17:08:10","guid":{"rendered":"http:\/\/jetzt-oder-nie.co\/?page_id=65"},"modified":"2013-04-28T18:06:17","modified_gmt":"2013-04-28T16:06:17","slug":"geschenke","status":"publish","type":"page","link":"http:\/\/jetzt-oder-nie.co\/?page_id=65","title":{"rendered":"Geschenke"},"content":{"rendered":"<p>Jeder freut sich \u00fcber Geschenke, wir selbstverst\u00e4ndlich auch! Solltet Ihr uns etwas schenken wollen, w\u00e4ren uns Bargeschenke am liebsten.<\/p>\n","protected":false},"excerpt":{"rendered":"<p>Jeder freut sich \u00fcber Geschenke, wir selbstverst\u00e4ndlich auch! Solltet Ihr uns etwas schenken wollen, w\u00e4ren uns Bargeschenke am liebsten.<\/p>\n","protected":false},"author":1,"featured_media":0,"parent":17,"menu_order":2,"comment_status":"closed","ping_status":"closed","template":"","meta":{"ngg_post_thumbnail":0},"_links":{"self":[{"href":"http:\/\/jetzt-oder-nie.co\/index.php?rest_route=\/wp\/v2\/pages\/65"}],"collection":[{"href":"http:\/\/jetzt-oder-nie.co\/index.php?rest_route=\/wp\/v2\/pages"}],"about":[{"href":"http:\/\/jetzt-oder-nie.co\/index.php?rest_route=\/wp\/v2\/types\/page"}],"author":[{"embeddable":true,"href":"http:\/\/jetzt-oder-nie.co\/index.php?rest_route=\/wp\/v2\/users\/1"}],"replies":[{"embeddable":true,"href":"http:\/\/jetzt-oder-nie.co\/index.php?rest_route=%2Fwp%2Fv2%2Fcomments&post=65"}],"version-history":[{"count":12,"href":"http:\/\/jetzt-oder-nie.co\/index.php?rest_route=\/wp\/v2\/pages\/65\/revisions"}],"predecessor-version":[{"id":85,"href":"http:\/\/jetzt-oder-nie.co\/index.php?rest_route=\/wp\/v2\/pages\/65\/revisions\/85"}],"up":[{"embeddable":true,"href":"http:\/\/jetzt-oder-nie.co\/index.php?rest_route=\/wp\/v2\/pages\/17"}],"wp:attachment":[{"href":"http:\/\/jetzt-oder-nie.co\/index.php?rest_route=%2Fwp%2Fv2%2Fmedia&parent=65"}],"curies":[{"name":"wp","href":"https:\/\/api.w.org\/{rel}","templated":true}]}}